{"id":19,"date":"2022-11-15T10:54:57","date_gmt":"2022-11-15T14:54:57","guid":{"rendered":"https:\/\/projetos.raphaelleal.com.br\/blog\/?page_id=19"},"modified":"2024-01-31T12:56:45","modified_gmt":"2024-01-31T16:56:45","slug":"sobre-nos","status":"publish","type":"page","link":"https:\/\/projetos.raphaelleal.com.br\/blog\/sobre-nos\/","title":{"rendered":"Sobre N\u00f3s"},"content":{"rendered":"\t\t<div data-elementor-type=\"wp-page\" data-elementor-id=\"19\" class=\"elementor elementor-19\" data-elementor-post-type=\"page\">\n\t\t\t\t<div class=\"elementor-element elementor-element-4fc6a21 e-flex e-con-boxed e-con e-parent\" data-id=\"4fc6a21\" data-element_type=\"container\" data-settings=\"{&quot;background_background&quot;:&quot;classic&quot;,&quot;content_width&quot;:&quot;boxed&quot;}\" data-core-v316-plus=\"true\">\n\t\t\t\t\t<div class=\"e-con-inner\">\n\t\t\t\t<div class=\"elementor-element elementor-element-f778b54 elementor-widget elementor-widget-heading\" data-id=\"f778b54\" data-element_type=\"widget\" data-widget_type=\"heading.default\">\n\t\t\t\t<div class=\"elementor-widget-container\">\n\t\t\t<style>\/*! elementor - v3.19.0 - 29-01-2024 *\/\n.elementor-heading-title{padding:0;margin:0;line-height:1}.elementor-widget-heading .elementor-heading-title[class*=elementor-size-]>a{color:inherit;font-size:inherit;line-height:inherit}.elementor-widget-heading .elementor-heading-title.elementor-size-small{font-size:15px}.elementor-widget-heading .elementor-heading-title.elementor-size-medium{font-size:19px}.elementor-widget-heading .elementor-heading-title.elementor-size-large{font-size:29px}.elementor-widget-heading .elementor-heading-title.elementor-size-xl{font-size:39px}.elementor-widget-heading .elementor-heading-title.elementor-size-xxl{font-size:59px}<\/style><h2 class=\"elementor-heading-title elementor-size-default\">Quem Somos<\/h2>\t\t<\/div>\n\t\t\t\t<\/div>\n\t\t\t\t<div class=\"elementor-element elementor-element-573bda4 elementor-widget elementor-widget-text-editor\" data-id=\"573bda4\" data-element_type=\"widget\" data-widget_type=\"text-editor.default\">\n\t\t\t\t<div class=\"elementor-widget-container\">\n\t\t\t<style>\/*! elementor - v3.19.0 - 29-01-2024 *\/\n.elementor-widget-text-editor.elementor-drop-cap-view-stacked .elementor-drop-cap{background-color:#69727d;color:#fff}.elementor-widget-text-editor.elementor-drop-cap-view-framed .elementor-drop-cap{color:#69727d;border:3px solid;background-color:transparent}.elementor-widget-text-editor:not(.elementor-drop-cap-view-default) .elementor-drop-cap{margin-top:8px}.elementor-widget-text-editor:not(.elementor-drop-cap-view-default) .elementor-drop-cap-letter{width:1em;height:1em}.elementor-widget-text-editor .elementor-drop-cap{float:left;text-align:center;line-height:1;font-size:50px}.elementor-widget-text-editor .elementor-drop-cap-letter{display:inline-block}<\/style>\t\t\t\t<p>O blog do Kydelicia nasceu com o objetivo de expandir nossas receitas em dicas e nos comunicar com a nossa audi\u00eancia apaixonada pelo mundo da gastronomia. Por aqui voc\u00ea aprende desde receitas simples at\u00e9 as bem elaboradas. Somos experts em fazer sele\u00e7\u00f5es de receitas com os ingredientes que voc\u00ea tem em casa. Para n\u00f3s, o que importa \u00e9 te inspirar a botar a m\u00e3o na massa na cozinha!<\/p>\t\t\t\t\t\t<\/div>\n\t\t\t\t<\/div>\n\t\t\t\t\t<\/div>\n\t\t\t\t<\/div>\n\t\t<div class=\"elementor-element elementor-element-7673ff3 e-flex e-con-boxed e-con e-parent\" data-id=\"7673ff3\" data-element_type=\"container\" data-settings=\"{&quot;content_width&quot;:&quot;boxed&quot;}\" data-core-v316-plus=\"true\">\n\t\t\t\t\t<div class=\"e-con-inner\">\n\t\t\t\t<div class=\"elementor-element elementor-element-73f1ab6 elementor-widget elementor-widget-heading\" data-id=\"73f1ab6\" data-element_type=\"widget\" data-widget_type=\"heading.default\">\n\t\t\t\t<div class=\"elementor-widget-container\">\n\t\t\t<h2 class=\"elementor-heading-title elementor-size-default\">Nossa Equipe de Redatores<\/h2>\t\t<\/div>\n\t\t\t\t<\/div>\n\t\t\t\t<div class=\"elementor-element elementor-element-2dfac07 elementor-widget elementor-widget-heading\" data-id=\"2dfac07\" data-element_type=\"widget\" data-widget_type=\"heading.default\">\n\t\t\t\t<div class=\"elementor-widget-container\">\n\t\t\t<h2 class=\"elementor-heading-title elementor-size-default\">Conhe\u00e7a um pouco de quem escreve receitas deliciosas para voc\u00ea<\/h2>\t\t<\/div>\n\t\t\t\t<\/div>\n\t\t<div class=\"elementor-element elementor-element-2018f65 e-flex e-con-boxed e-con e-child\" data-id=\"2018f65\" data-element_type=\"container\" data-settings=\"{&quot;content_width&quot;:&quot;boxed&quot;}\">\n\t\t\t\t\t<div class=\"e-con-inner\">\n\t\t\t\t<div class=\"elementor-element elementor-element-661947d elementor-position-top elementor-widget elementor-widget-image-box\" data-id=\"661947d\" data-element_type=\"widget\" data-widget_type=\"image-box.default\">\n\t\t\t\t<div class=\"elementor-widget-container\">\n\t\t\t<style>\/*! elementor - v3.19.0 - 29-01-2024 *\/\n.elementor-widget-image-box .elementor-image-box-content{width:100%}@media (min-width:768px){.elementor-widget-image-box.elementor-position-left .elementor-image-box-wrapper,.elementor-widget-image-box.elementor-position-right .elementor-image-box-wrapper{display:flex}.elementor-widget-image-box.elementor-position-right .elementor-image-box-wrapper{text-align:right;flex-direction:row-reverse}.elementor-widget-image-box.elementor-position-left .elementor-image-box-wrapper{text-align:left;flex-direction:row}.elementor-widget-image-box.elementor-position-top .elementor-image-box-img{margin:auto}.elementor-widget-image-box.elementor-vertical-align-top .elementor-image-box-wrapper{align-items:flex-start}.elementor-widget-image-box.elementor-vertical-align-middle .elementor-image-box-wrapper{align-items:center}.elementor-widget-image-box.elementor-vertical-align-bottom .elementor-image-box-wrapper{align-items:flex-end}}@media (max-width:767px){.elementor-widget-image-box .elementor-image-box-img{margin-left:auto!important;margin-right:auto!important;margin-bottom:15px}}.elementor-widget-image-box .elementor-image-box-img{display:inline-block}.elementor-widget-image-box .elementor-image-box-title a{color:inherit}.elementor-widget-image-box .elementor-image-box-wrapper{text-align:center}.elementor-widget-image-box .elementor-image-box-description{margin:0}<\/style><div class=\"elementor-image-box-wrapper\"><figure class=\"elementor-image-box-img\"><img fetchpriority=\"high\" decoding=\"async\" width=\"300\" height=\"300\" src=\"https:\/\/projetos.raphaelleal.com.br\/blog\/wp-content\/uploads\/2024\/01\/Design-sem-nome-43-1.png\" class=\"elementor-animation-grow attachment-full size-full wp-image-267\" alt=\"\" srcset=\"https:\/\/projetos.raphaelleal.com.br\/blog\/wp-content\/uploads\/2024\/01\/Design-sem-nome-43-1.png 300w, https:\/\/projetos.raphaelleal.com.br\/blog\/wp-content\/uploads\/2024\/01\/Design-sem-nome-43-1-150x150.png 150w\" sizes=\"(max-width: 300px) 100vw, 300px\" \/><\/figure><div class=\"elementor-image-box-content\"><h3 class=\"elementor-image-box-title\">Ana Luiza<\/h3><\/div><\/div>\t\t<\/div>\n\t\t\t\t<\/div>\n\t\t\t\t<div class=\"elementor-element elementor-element-b9b48cb elementor-position-top elementor-widget elementor-widget-image-box\" data-id=\"b9b48cb\" data-element_type=\"widget\" data-widget_type=\"image-box.default\">\n\t\t\t\t<div class=\"elementor-widget-container\">\n\t\t\t<div class=\"elementor-image-box-wrapper\"><figure class=\"elementor-image-box-img\"><img decoding=\"async\" width=\"300\" height=\"300\" src=\"https:\/\/projetos.raphaelleal.com.br\/blog\/wp-content\/uploads\/2024\/01\/Design-sem-nome-45-1.png\" class=\"elementor-animation-grow attachment-full size-full wp-image-265\" alt=\"\" srcset=\"https:\/\/projetos.raphaelleal.com.br\/blog\/wp-content\/uploads\/2024\/01\/Design-sem-nome-45-1.png 300w, https:\/\/projetos.raphaelleal.com.br\/blog\/wp-content\/uploads\/2024\/01\/Design-sem-nome-45-1-150x150.png 150w\" sizes=\"(max-width: 300px) 100vw, 300px\" \/><\/figure><div class=\"elementor-image-box-content\"><h3 class=\"elementor-image-box-title\">Maria Flor<\/h3><\/div><\/div>\t\t<\/div>\n\t\t\t\t<\/div>\n\t\t\t\t<div class=\"elementor-element elementor-element-5ff4805 elementor-position-top elementor-widget elementor-widget-image-box\" data-id=\"5ff4805\" data-element_type=\"widget\" data-widget_type=\"image-box.default\">\n\t\t\t\t<div class=\"elementor-widget-container\">\n\t\t\t<div class=\"elementor-image-box-wrapper\"><figure class=\"elementor-image-box-img\"><img decoding=\"async\" width=\"300\" height=\"300\" src=\"https:\/\/projetos.raphaelleal.com.br\/blog\/wp-content\/uploads\/2024\/01\/Design-sem-nome-46-1.png\" class=\"elementor-animation-grow attachment-full size-full wp-image-264\" alt=\"\" srcset=\"https:\/\/projetos.raphaelleal.com.br\/blog\/wp-content\/uploads\/2024\/01\/Design-sem-nome-46-1.png 300w, https:\/\/projetos.raphaelleal.com.br\/blog\/wp-content\/uploads\/2024\/01\/Design-sem-nome-46-1-150x150.png 150w\" sizes=\"(max-width: 300px) 100vw, 300px\" \/><\/figure><div class=\"elementor-image-box-content\"><h3 class=\"elementor-image-box-title\">Clarice Alves<\/h3><\/div><\/div>\t\t<\/div>\n\t\t\t\t<\/div>\n\t\t\t\t<div class=\"elementor-element elementor-element-c102fe1 elementor-position-top elementor-widget elementor-widget-image-box\" data-id=\"c102fe1\" data-element_type=\"widget\" data-widget_type=\"image-box.default\">\n\t\t\t\t<div class=\"elementor-widget-container\">\n\t\t\t<div class=\"elementor-image-box-wrapper\"><figure class=\"elementor-image-box-img\"><img loading=\"lazy\" decoding=\"async\" width=\"300\" height=\"300\" src=\"https:\/\/projetos.raphaelleal.com.br\/blog\/wp-content\/uploads\/2024\/01\/Design-sem-nome-44-1.png\" class=\"elementor-animation-grow attachment-full size-full wp-image-266\" alt=\"\" srcset=\"https:\/\/projetos.raphaelleal.com.br\/blog\/wp-content\/uploads\/2024\/01\/Design-sem-nome-44-1.png 300w, https:\/\/projetos.raphaelleal.com.br\/blog\/wp-content\/uploads\/2024\/01\/Design-sem-nome-44-1-150x150.png 150w\" sizes=\"(max-width: 300px) 100vw, 300px\" \/><\/figure><div class=\"elementor-image-box-content\"><h3 class=\"elementor-image-box-title\">Maria Eduarda<\/h3><\/div><\/div>\t\t<\/div>\n\t\t\t\t<\/div>\n\t\t\t\t\t<\/div>\n\t\t\t\t<\/div>\n\t\t\t\t<div class=\"elementor-element elementor-element-6eff672 elementor-widget elementor-widget-menu-anchor\" data-id=\"6eff672\" data-element_type=\"widget\" data-widget_type=\"menu-anchor.default\">\n\t\t\t\t<div class=\"elementor-widget-container\">\n\t\t\t<style>\/*! elementor - v3.19.0 - 29-01-2024 *\/\nbody.elementor-page .elementor-widget-menu-anchor{margin-bottom:0}<\/style>\t\t<div id=\"anuncie\" class=\"elementor-menu-anchor\"><\/div>\n\t\t\t\t<\/div>\n\t\t\t\t<\/div>\n\t\t<div class=\"elementor-element elementor-element-f94fb70 e-flex e-con-boxed e-con e-child\" data-id=\"f94fb70\" data-element_type=\"container\" data-settings=\"{&quot;content_width&quot;:&quot;boxed&quot;}\">\n\t\t\t\t\t<div class=\"e-con-inner\">\n\t\t\t\t<div class=\"elementor-element elementor-element-c783fd8 elementor-position-left elementor-vertical-align-top elementor-widget elementor-widget-image-box\" data-id=\"c783fd8\" data-element_type=\"widget\" data-widget_type=\"image-box.default\">\n\t\t\t\t<div class=\"elementor-widget-container\">\n\t\t\t<div class=\"elementor-image-box-wrapper\"><figure class=\"elementor-image-box-img\"><img loading=\"lazy\" decoding=\"async\" width=\"512\" height=\"512\" src=\"https:\/\/projetos.raphaelleal.com.br\/blog\/wp-content\/uploads\/2024\/01\/email-marketing.svg\" class=\"elementor-animation-grow attachment-full size-full wp-image-280\" alt=\"\" \/><\/figure><div class=\"elementor-image-box-content\"><h3 class=\"elementor-image-box-title\">Anuncie com a gente<\/h3><p class=\"elementor-image-box-description\">Ajudamos voc\u00ea a fazer crescer o seu neg\u00f3cio criando conte\u00fados muito interessantes para os seus clientes. Toda a nossa tecnologia e conhecimentos ao seu servi\u00e7o. J\u00e1 demonstr\u00e1mos que sabemos fazer conte\u00fado que as pessoas querem, agora podemos fazer isso para voc\u00ea. Criamos conte\u00fado original e relevante para o seu mercado e convertemos a sua marca em uma refer\u00eancia na sua ind\u00fastria.<\/p><\/div><\/div>\t\t<\/div>\n\t\t\t\t<\/div>\n\t\t\t\t<div class=\"elementor-element elementor-element-29afb4f elementor-align-center elementor-widget elementor-widget-button\" data-id=\"29afb4f\" data-element_type=\"widget\" data-widget_type=\"button.default\">\n\t\t\t\t<div class=\"elementor-widget-container\">\n\t\t\t\t\t<div class=\"elementor-button-wrapper\">\n\t\t\t<a class=\"elementor-button elementor-button-link elementor-size-md\" href=\"https:\/\/projetos.raphaelleal.com.br\/blog\/contato\/\">\n\t\t\t\t\t\t<span class=\"elementor-button-content-wrapper\">\n\t\t\t\t\t\t<span class=\"elementor-button-icon elementor-align-icon-right\">\n\t\t\t\t<i aria-hidden=\"true\" class=\"fas fa-long-arrow-alt-right\"><\/i>\t\t\t<\/span>\n\t\t\t\t\t\t<span class=\"elementor-button-text\">Fala Conosco<\/span>\n\t\t<\/span>\n\t\t\t\t\t<\/a>\n\t\t<\/div>\n\t\t\t\t<\/div>\n\t\t\t\t<\/div>\n\t\t\t\t\t<\/div>\n\t\t\t\t<\/div>\n\t\t\t\t\t<\/div>\n\t\t\t\t<\/div>\n\t\t\t\t<\/div>\n\t\t","protected":false},"excerpt":{"rendered":"<p>Quem Somos O blog do Kydelicia nasceu com o objetivo de expandir nossas receitas em dicas e nos comunicar com a nossa audi\u00eancia apaixonada pelo mundo da gastronomia. Por aqui voc\u00ea aprende desde receitas simples at\u00e9 as bem elaboradas. Somos experts em fazer sele\u00e7\u00f5es de receitas com os ingredientes que voc\u00ea tem em casa. Para [&hellip;]<\/p>\n","protected":false},"author":1,"featured_media":0,"parent":0,"menu_order":0,"comment_status":"closed","ping_status":"closed","template":"elementor_header_footer","meta":{"footnotes":""},"_links":{"self":[{"href":"https:\/\/projetos.raphaelleal.com.br\/blog\/wp-json\/wp\/v2\/pages\/19"}],"collection":[{"href":"https:\/\/projetos.raphaelleal.com.br\/blog\/wp-json\/wp\/v2\/pages"}],"about":[{"href":"https:\/\/projetos.raphaelleal.com.br\/blog\/wp-json\/wp\/v2\/types\/page"}],"author":[{"embeddable":true,"href":"https:\/\/projetos.raphaelleal.com.br\/blog\/wp-json\/wp\/v2\/users\/1"}],"replies":[{"embeddable":true,"href":"https:\/\/projetos.raphaelleal.com.br\/blog\/wp-json\/wp\/v2\/comments?post=19"}],"version-history":[{"count":25,"href":"https:\/\/projetos.raphaelleal.com.br\/blog\/wp-json\/wp\/v2\/pages\/19\/revisions"}],"predecessor-version":[{"id":293,"href":"https:\/\/projetos.raphaelleal.com.br\/blog\/wp-json\/wp\/v2\/pages\/19\/revisions\/293"}],"wp:attachment":[{"href":"https:\/\/projetos.raphaelleal.com.br\/blog\/wp-json\/wp\/v2\/media?parent=19"}],"curies":[{"name":"wp","href":"https:\/\/api.w.org\/{rel}","templated":true}]}}